{"id":251,"date":"2026-01-21T11:08:31","date_gmt":"2026-01-21T11:08:31","guid":{"rendered":"https:\/\/viss.hu\/?page_id=251"},"modified":"2026-03-20T10:09:24","modified_gmt":"2026-03-20T10:09:24","slug":"tisztsegviselok","status":"publish","type":"page","link":"https:\/\/viss.hu\/index.php\/tisztsegviselok\/","title":{"rendered":"Tiszts\u00e9gvisel\u0151k"},"content":{"rendered":"\t\t<div data-elementor-type=\"wp-page\" data-elementor-id=\"251\" class=\"elementor elementor-251\">\n\t\t\t\t<div class=\"elementor-element elementor-element-dcc778e e-con-full e-flex e-con e-parent\" data-id=\"dcc778e\" data-element_type=\"container\" data-e-type=\"container\" data-settings=\"{&quot;background_background&quot;:&quot;gradient&quot;}\">\n\t\t<div class=\"elementor-element elementor-element-865a386 e-con-full e-flex e-con e-child\" data-id=\"865a386\" data-element_type=\"container\" data-e-type=\"container\" data-settings=\"{&quot;background_background&quot;:&quot;gradient&quot;}\">\n\t\t<div class=\"elementor-element elementor-element-94e517d e-con-full e-flex e-con e-child\" data-id=\"94e517d\" data-element_type=\"container\" data-e-type=\"container\">\n\t\t\t\t<div class=\"elementor-element elementor-element-3d113aa elementor-widget elementor-widget-image\" data-id=\"3d113aa\" data-element_type=\"widget\" data-e-type=\"widget\" data-widget_type=\"image.default\">\n\t\t\t\t\t\t\t\t\t\t\t\t\t\t\t<img fetchpriority=\"high\" decoding=\"async\" width=\"800\" height=\"763\" src=\"https:\/\/viss.hu\/wp-content\/uploads\/2026\/01\/Cimer-2-1133x1080.png\" class=\"attachment-large size-large wp-image-742\" alt=\"\" srcset=\"https:\/\/viss.hu\/wp-content\/uploads\/2026\/01\/Cimer-2-1133x1080.png 1133w, https:\/\/viss.hu\/wp-content\/uploads\/2026\/01\/Cimer-2-300x286.png 300w, https:\/\/viss.hu\/wp-content\/uploads\/2026\/01\/Cimer-2-768x732.png 768w, https:\/\/viss.hu\/wp-content\/uploads\/2026\/01\/Cimer-2.png 1371w\" sizes=\"(max-width: 800px) 100vw, 800px\" \/>\t\t\t\t\t\t\t\t\t\t\t\t\t\t\t<\/div>\n\t\t\t\t<\/div>\n\t\t<div class=\"elementor-element elementor-element-c7cfa0b e-con-full e-flex e-con e-child\" data-id=\"c7cfa0b\" data-element_type=\"container\" data-e-type=\"container\">\n\t\t\t\t<div class=\"elementor-element elementor-element-c7bf388 eael_simple_menu_hamburger_disable_selected_menu_no eael-simple-menu-hamburger-align-right eael-hamburger--tablet elementor-widget elementor-widget-eael-simple-menu\" data-id=\"c7bf388\" data-element_type=\"widget\" data-e-type=\"widget\" data-widget_type=\"eael-simple-menu.default\">\n\t\t\t\t\t<style>\n                        @media screen and (max-width: 1024px) {\n                            .eael-hamburger--tablet {\n                                .eael-simple-menu-horizontal,\n                                .eael-simple-menu-vertical {\n                                    display: none;\n                                }\n                            }\n                            .eael-hamburger--tablet {\n                                .eael-simple-menu-container .eael-simple-menu-toggle {\n                                    display: block;\n                                }\n                            }\n                        }\n                        .eael-simple-menu-container.eael-simple-menu--loading > ul {\n                            display: -webkit-box !important;\n                            display: -ms-flexbox !important;\n                            display: flex !important;\n                            list-style: none !important;\n                        }\n                        .eael-simple-menu-container.eael-simple-menu--loading li ul {\n                            visibility: hidden !important;\n                            opacity: 0 !important;\n                        }\n                    <\/style>            <div data-hamburger-icon=\"&lt;svg aria-hidden=&quot;true&quot; class=&quot;e-font-icon-svg e-fas-bars&quot; viewBox=&quot;0 0 448 512&quot; xmlns=&quot;http:\/\/www.w3.org\/2000\/svg&quot;&gt;&lt;path d=&quot;M16 132h416c8.837 0 16-7.163 16-16V76c0-8.837-7.163-16-16-16H16C7.163 60 0 67.163 0 76v40c0 8.837 7.163 16 16 16zm0 160h416c8.837 0 16-7.163 16-16v-40c0-8.837-7.163-16-16-16H16c-8.837 0-16 7.163-16 16v40c0 8.837 7.163 16 16 16zm0 160h416c8.837 0 16-7.163 16-16v-40c0-8.837-7.163-16-16-16H16c-8.837 0-16 7.163-16 16v40c0 8.837 7.163 16 16 16z&quot;&gt;&lt;\/path&gt;&lt;\/svg&gt;\" data-indicator-icon=\"&lt;svg aria-hidden=&quot;true&quot; class=&quot;e-font-icon-svg e-fas-angle-down&quot; viewBox=&quot;0 0 320 512&quot; xmlns=&quot;http:\/\/www.w3.org\/2000\/svg&quot;&gt;&lt;path d=&quot;M143 352.3L7 216.3c-9.4-9.4-9.4-24.6 0-33.9l22.6-22.6c9.4-9.4 24.6-9.4 33.9 0l96.4 96.4 96.4-96.4c9.4-9.4 24.6-9.4 33.9 0l22.6 22.6c9.4 9.4 9.4 24.6 0 33.9l-136 136c-9.2 9.4-24.4 9.4-33.8 0z&quot;&gt;&lt;\/path&gt;&lt;\/svg&gt;\" data-dropdown-indicator-icon=\"&lt;svg class=&quot;e-font-icon-svg e-fas-angle-down&quot; viewBox=&quot;0 0 320 512&quot; xmlns=&quot;http:\/\/www.w3.org\/2000\/svg&quot;&gt;&lt;path d=&quot;M143 352.3L7 216.3c-9.4-9.4-9.4-24.6 0-33.9l22.6-22.6c9.4-9.4 24.6-9.4 33.9 0l96.4 96.4 96.4-96.4c9.4-9.4 24.6-9.4 33.9 0l22.6 22.6c9.4 9.4 9.4 24.6 0 33.9l-136 136c-9.2 9.4-24.4 9.4-33.8 0z&quot;&gt;&lt;\/path&gt;&lt;\/svg&gt;\" class=\"eael-simple-menu-container eael-simple-menu--loading eael-simple-menu-align-left eael-simple-menu-dropdown-align-left preset-1\" data-hamburger-breakpoints=\"{&quot;mobile&quot;:&quot;Mobile Portrait (&gt; 767px)&quot;,&quot;tablet&quot;:&quot;Tablet Portrait (&gt; 1024px)&quot;,&quot;desktop&quot;:&quot;Desktop (&gt; 2400px)&quot;,&quot;none&quot;:&quot;None&quot;}\" data-hamburger-device=\"tablet\">\n                <ul id=\"menu-fejlec-menu\" class=\"eael-simple-menu eael-simple-menu-dropdown-animate-to-top eael-simple-menu-indicator eael-simple-menu-horizontal\"><li id=\"menu-item-83\" class=\"menu-item menu-item-type-post_type menu-item-object-page menu-item-home menu-item-83\"><a href=\"https:\/\/viss.hu\/\">F\u0151oldal<\/a><\/li>\n<li id=\"menu-item-75\" class=\"menu-item menu-item-type-post_type menu-item-object-page menu-item-has-children menu-item-75\"><a href=\"https:\/\/viss.hu\/index.php\/telepulesunk\/\">Telep\u00fcl\u00e9s\u00fcnk<\/a>\n<ul class=\"sub-menu\">\n\t<li id=\"menu-item-76\" class=\"menu-item menu-item-type-post_type menu-item-object-page menu-item-76\"><a href=\"https:\/\/viss.hu\/index.php\/vissrol\/\">Vissr\u0151l<\/a><\/li>\n\t<li id=\"menu-item-411\" class=\"menu-item menu-item-type-post_type menu-item-object-page menu-item-411\"><a href=\"https:\/\/viss.hu\/index.php\/egyhazak\/\">Egyh\u00e1zak<\/a><\/li>\n\t<li id=\"menu-item-830\" class=\"menu-item menu-item-type-post_type menu-item-object-page menu-item-830\"><a href=\"https:\/\/viss.hu\/index.php\/civil-szervezetek\/\">Civil szervezetek<\/a><\/li>\n\t<li id=\"menu-item-982\" class=\"menu-item menu-item-type-post_type menu-item-object-page menu-item-982\"><a href=\"https:\/\/viss.hu\/index.php\/hiressegeink\/\">H\u00edress\u00e9geink<\/a><\/li>\n\t<li id=\"menu-item-986\" class=\"menu-item menu-item-type-post_type menu-item-object-page menu-item-986\"><a href=\"https:\/\/viss.hu\/index.php\/latnivalok\/\">L\u00e1tnival\u00f3k<\/a><\/li>\n<\/ul>\n<\/li>\n<li id=\"menu-item-185\" class=\"menu-item menu-item-type-post_type menu-item-object-page menu-item-has-children menu-item-185\"><a href=\"https:\/\/viss.hu\/index.php\/intezmenyek\/\">Int\u00e9zm\u00e9nyek<\/a>\n<ul class=\"sub-menu\">\n\t<li id=\"menu-item-400\" class=\"menu-item menu-item-type-post_type menu-item-object-page menu-item-400\"><a href=\"https:\/\/viss.hu\/index.php\/orvosi-rendelo\/\">Orvosi Rendel\u0151<\/a><\/li>\n\t<li id=\"menu-item-401\" class=\"menu-item menu-item-type-post_type menu-item-object-page menu-item-401\"><a href=\"https:\/\/viss.hu\/index.php\/ovoda-es-konyha\/\">\u00d3voda \u00e9s Konyha<\/a><\/li>\n\t<li id=\"menu-item-399\" class=\"menu-item menu-item-type-post_type menu-item-object-page menu-item-399\"><a href=\"https:\/\/viss.hu\/index.php\/kozsegi-konyvtar\/\">K\u00f6zs\u00e9gi K\u00f6nyvt\u00e1r<\/a><\/li>\n<\/ul>\n<\/li>\n<li id=\"menu-item-186\" class=\"menu-item menu-item-type-post_type menu-item-object-page menu-item-has-children menu-item-186\"><a href=\"https:\/\/viss.hu\/index.php\/horgaszat\/\">Horg\u00e1szat<\/a>\n<ul class=\"sub-menu\">\n\t<li id=\"menu-item-524\" class=\"menu-item menu-item-type-post_type menu-item-object-page menu-item-524\"><a href=\"https:\/\/viss.hu\/index.php\/horgaszat-2\/\">V\u00edzter\u00fclet<\/a><\/li>\n<\/ul>\n<\/li>\n<li id=\"menu-item-187\" class=\"menu-item menu-item-type-post_type menu-item-object-page menu-item-187\"><a href=\"https:\/\/viss.hu\/index.php\/kepgaleria\/\">K\u00e9pgal\u00e9ria<\/a><\/li>\n<li id=\"menu-item-1181\" class=\"menu-item menu-item-type-post_type menu-item-object-page menu-item-has-children menu-item-1181\"><a href=\"https:\/\/viss.hu\/index.php\/valasztas\/\">V\u00e1laszt\u00e1s<\/a>\n<ul class=\"sub-menu\">\n\t<li id=\"menu-item-1190\" class=\"menu-item menu-item-type-post_type menu-item-object-page menu-item-1190\"><a href=\"https:\/\/viss.hu\/index.php\/orszaggyulesi-valasztas-2026\/\">Orsz\u00e1ggy\u0171l\u00e9si v\u00e1laszt\u00e1s 2026<\/a><\/li>\n<\/ul>\n<\/li>\n<\/ul>                <button class=\"eael-simple-menu-toggle\">\n                    <span class=\"sr-only \">Hamburger Toggle Menu<\/span>\n                    <svg aria-hidden=\"true\" class=\"e-font-icon-svg e-fas-bars\" viewBox=\"0 0 448 512\" xmlns=\"http:\/\/www.w3.org\/2000\/svg\"><path d=\"M16 132h416c8.837 0 16-7.163 16-16V76c0-8.837-7.163-16-16-16H16C7.163 60 0 67.163 0 76v40c0 8.837 7.163 16 16 16zm0 160h416c8.837 0 16-7.163 16-16v-40c0-8.837-7.163-16-16-16H16c-8.837 0-16 7.163-16 16v40c0 8.837 7.163 16 16 16zm0 160h416c8.837 0 16-7.163 16-16v-40c0-8.837-7.163-16-16-16H16c-8.837 0-16 7.163-16 16v40c0 8.837 7.163 16 16 16z\"><\/path><\/svg>                <\/button>\n            <\/div>\n            \t\t\t\t<\/div>\n\t\t\t\t<\/div>\n\t\t\t\t<\/div>\n\t\t\t\t<\/div>\n\t\t<div class=\"elementor-element elementor-element-a274697 e-flex e-con-boxed e-con e-parent\" data-id=\"a274697\" data-element_type=\"container\" data-e-type=\"container\">\n\t\t\t\t\t<div class=\"e-con-inner\">\n\t\t\t\t<div class=\"elementor-element elementor-element-24a83bb elementor-widget elementor-widget-spacer\" data-id=\"24a83bb\" data-element_type=\"widget\" data-e-type=\"widget\" data-widget_type=\"spacer.default\">\n\t\t\t\t\t\t\t<div class=\"elementor-spacer\">\n\t\t\t<div class=\"elementor-spacer-inner\"><\/div>\n\t\t<\/div>\n\t\t\t\t\t\t<\/div>\n\t\t\t\t\t<\/div>\n\t\t\t\t<\/div>\n\t\t<div class=\"elementor-element elementor-element-94ccacf e-flex e-con-boxed e-con e-parent\" data-id=\"94ccacf\" data-element_type=\"container\" data-e-type=\"container\">\n\t\t\t\t\t<div class=\"e-con-inner\">\n\t\t\t\t<div class=\"elementor-element elementor-element-243dff2 elementor-widget elementor-widget-heading\" data-id=\"243dff2\" data-element_type=\"widget\" data-e-type=\"widget\" data-widget_type=\"heading.default\">\n\t\t\t\t\t<h2 class=\"elementor-heading-title elementor-size-default\">\u00d6nkorm\u00e1nyzat:<\/h2>\t\t\t\t<\/div>\n\t\t\t\t\t<\/div>\n\t\t\t\t<\/div>\n\t\t<div class=\"elementor-element elementor-element-d1ea15e e-flex e-con-boxed e-con e-parent\" data-id=\"d1ea15e\" data-element_type=\"container\" data-e-type=\"container\">\n\t\t\t\t\t<div class=\"e-con-inner\">\n\t\t\t\t<div class=\"elementor-element elementor-element-6eac10b elementor-widget elementor-widget-text-editor\" data-id=\"6eac10b\" data-element_type=\"widget\" data-e-type=\"widget\" data-widget_type=\"text-editor.default\">\n\t\t\t\t\t\t\t\t\t<p><strong>N\u00e9v:\u00a0<\/strong>Viss K\u00f6zs\u00e9g \u00d6nkorm\u00e1nyzata<br \/><strong>C\u00edme:\u00a0<\/strong>3956 Viss, Kolozsv\u00e1ri \u00fat 28.<br \/><strong>Telefon:<\/strong>\u00a006-47-344-068<br \/><strong>E-mail:<\/strong><a href=\"mailto:vissonk@freemail.hu\"><strong>vissonkoffice@gmail.com<\/strong><\/a><br \/><strong>Web:<\/strong>\u00a0<a href=\"http:\/\/www.viss.hu\/\"><strong>www.viss.hu<\/strong><\/a><\/p>\t\t\t\t\t\t\t\t<\/div>\n\t\t\t\t\t<\/div>\n\t\t\t\t<\/div>\n\t\t<div class=\"elementor-element elementor-element-a432dd1 e-flex e-con-boxed e-con e-parent\" data-id=\"a432dd1\" data-element_type=\"container\" data-e-type=\"container\">\n\t\t\t\t\t<div class=\"e-con-inner\">\n\t\t\t\t<div class=\"elementor-element elementor-element-6845059 elementor-widget elementor-widget-heading\" data-id=\"6845059\" data-element_type=\"widget\" data-e-type=\"widget\" data-widget_type=\"heading.default\">\n\t\t\t\t\t<h2 class=\"elementor-heading-title elementor-size-default\">\u00d6nkorm\u00e1nyzati tiszts\u00e9gvisel\u0151k:<\/h2>\t\t\t\t<\/div>\n\t\t\t\t\t<\/div>\n\t\t\t\t<\/div>\n\t\t<div class=\"elementor-element elementor-element-08bbfc3 e-flex e-con-boxed e-con e-parent\" data-id=\"08bbfc3\" data-element_type=\"container\" data-e-type=\"container\">\n\t\t\t\t\t<div class=\"e-con-inner\">\n\t\t<div class=\"elementor-element elementor-element-85e6dec e-con-full e-flex e-con e-child\" data-id=\"85e6dec\" data-element_type=\"container\" data-e-type=\"container\">\n\t\t\t\t<div class=\"elementor-element elementor-element-9d65804 elementor-widget elementor-widget-image\" data-id=\"9d65804\" data-element_type=\"widget\" data-e-type=\"widget\" data-widget_type=\"image.default\">\n\t\t\t\t\t\t\t\t\t\t\t\t\t\t\t<img decoding=\"async\" width=\"800\" height=\"927\" src=\"https:\/\/viss.hu\/wp-content\/uploads\/2026\/01\/050-polgi-foto-932x1080.jpg\" class=\"attachment-large size-large wp-image-243\" alt=\"\" srcset=\"https:\/\/viss.hu\/wp-content\/uploads\/2026\/01\/050-polgi-foto-932x1080.jpg 932w, https:\/\/viss.hu\/wp-content\/uploads\/2026\/01\/050-polgi-foto-259x300.jpg 259w, https:\/\/viss.hu\/wp-content\/uploads\/2026\/01\/050-polgi-foto-768x890.jpg 768w, https:\/\/viss.hu\/wp-content\/uploads\/2026\/01\/050-polgi-foto-1326x1536.jpg 1326w, https:\/\/viss.hu\/wp-content\/uploads\/2026\/01\/050-polgi-foto-1768x2048.jpg 1768w\" sizes=\"(max-width: 800px) 100vw, 800px\" \/>\t\t\t\t\t\t\t\t\t\t\t\t\t\t\t<\/div>\n\t\t\t\t<\/div>\n\t\t<div class=\"elementor-element elementor-element-80368c0 e-con-full e-flex e-con e-child\" data-id=\"80368c0\" data-element_type=\"container\" data-e-type=\"container\">\n\t\t\t\t<div class=\"elementor-element elementor-element-3ccd1b9 elementor-widget__width-initial elementor-widget elementor-widget-text-editor\" data-id=\"3ccd1b9\" data-element_type=\"widget\" data-e-type=\"widget\" data-widget_type=\"text-editor.default\">\n\t\t\t\t\t\t\t\t\t<p>Polg\u00e1rmester:<\/p>\t\t\t\t\t\t\t\t<\/div>\n\t\t\t\t<div class=\"elementor-element elementor-element-faab72b elementor-widget elementor-widget-text-editor\" data-id=\"faab72b\" data-element_type=\"widget\" data-e-type=\"widget\" data-widget_type=\"text-editor.default\">\n\t\t\t\t\t\t\t\t\t<p>Sztank\u00f3 Bernadette, f\u00fcggetlen<\/p>\t\t\t\t\t\t\t\t<\/div>\n\t\t\t\t<\/div>\n\t\t\t\t\t<\/div>\n\t\t\t\t<\/div>\n\t\t<div class=\"elementor-element elementor-element-d67c53e e-flex e-con-boxed e-con e-parent\" data-id=\"d67c53e\" data-element_type=\"container\" data-e-type=\"container\">\n\t\t\t\t\t<div class=\"e-con-inner\">\n\t\t<div class=\"elementor-element elementor-element-5a3d5ef e-con-full e-flex e-con e-child\" data-id=\"5a3d5ef\" data-element_type=\"container\" data-e-type=\"container\">\n\t\t\t\t<div class=\"elementor-element elementor-element-b471161 elementor-widget elementor-widget-text-editor\" data-id=\"b471161\" data-element_type=\"widget\" data-e-type=\"widget\" data-widget_type=\"text-editor.default\">\n\t\t\t\t\t\t\t\t\t<p>Alpolg\u00e1rmester:<\/p>\t\t\t\t\t\t\t\t<\/div>\n\t\t\t\t<\/div>\n\t\t<div class=\"elementor-element elementor-element-15c85d3 e-con-full e-flex e-con e-child\" data-id=\"15c85d3\" data-element_type=\"container\" data-e-type=\"container\">\n\t\t\t\t<div class=\"elementor-element elementor-element-bff7fc5 elementor-widget elementor-widget-text-editor\" data-id=\"bff7fc5\" data-element_type=\"widget\" data-e-type=\"widget\" data-widget_type=\"text-editor.default\">\n\t\t\t\t\t\t\t\t\t<p>Fut\u00e1s Levente, FIDESZ<\/p>\t\t\t\t\t\t\t\t<\/div>\n\t\t\t\t<\/div>\n\t\t\t\t\t<\/div>\n\t\t\t\t<\/div>\n\t\t<div class=\"elementor-element elementor-element-9eb01cf e-flex e-con-boxed e-con e-parent\" data-id=\"9eb01cf\" data-element_type=\"container\" data-e-type=\"container\">\n\t\t\t\t\t<div class=\"e-con-inner\">\n\t\t<div class=\"elementor-element elementor-element-7dd009b e-con-full e-flex e-con e-child\" data-id=\"7dd009b\" data-element_type=\"container\" data-e-type=\"container\">\n\t\t\t\t<div class=\"elementor-element elementor-element-8acee3a elementor-widget elementor-widget-text-editor\" data-id=\"8acee3a\" data-element_type=\"widget\" data-e-type=\"widget\" data-widget_type=\"text-editor.default\">\n\t\t\t\t\t\t\t\t\t<p>Jegyz\u0151:<\/p>\t\t\t\t\t\t\t\t<\/div>\n\t\t\t\t<\/div>\n\t\t<div class=\"elementor-element elementor-element-d4b6be6 e-con-full e-flex e-con e-child\" data-id=\"d4b6be6\" data-element_type=\"container\" data-e-type=\"container\">\n\t\t\t\t<div class=\"elementor-element elementor-element-fa24e8a elementor-widget elementor-widget-text-editor\" data-id=\"fa24e8a\" data-element_type=\"widget\" data-e-type=\"widget\" data-widget_type=\"text-editor.default\">\n\t\t\t\t\t\t\t\t\t<p>Dr. Kov\u00e1cs Vikt\u00f3ria<br \/>E-mail: jegyzo@kenezlo.hu<\/p>\t\t\t\t\t\t\t\t<\/div>\n\t\t\t\t<\/div>\n\t\t\t\t\t<\/div>\n\t\t\t\t<\/div>\n\t\t<div class=\"elementor-element elementor-element-fad62f3 e-flex e-con-boxed e-con e-parent\" data-id=\"fad62f3\" data-element_type=\"container\" data-e-type=\"container\">\n\t\t\t\t\t<div class=\"e-con-inner\">\n\t\t<div class=\"elementor-element elementor-element-bfab071 e-con-full e-flex e-con e-child\" data-id=\"bfab071\" data-element_type=\"container\" data-e-type=\"container\">\n\t\t\t\t<div class=\"elementor-element elementor-element-eecdfb4 elementor-widget elementor-widget-text-editor\" data-id=\"eecdfb4\" data-element_type=\"widget\" data-e-type=\"widget\" data-widget_type=\"text-editor.default\">\n\t\t\t\t\t\t\t\t\t<p>K\u00e9pvisel\u0151k:<\/p>\t\t\t\t\t\t\t\t<\/div>\n\t\t\t\t<\/div>\n\t\t<div class=\"elementor-element elementor-element-c9523f1 e-con-full e-flex e-con e-child\" data-id=\"c9523f1\" data-element_type=\"container\" data-e-type=\"container\">\n\t\t\t\t<div class=\"elementor-element elementor-element-ad25cc8 elementor-widget elementor-widget-text-editor\" data-id=\"ad25cc8\" data-element_type=\"widget\" data-e-type=\"widget\" data-widget_type=\"text-editor.default\">\n\t\t\t\t\t\t\t\t\t<p>Fazekas Gyula f\u00fcggetlen,<\/p><p>Lengyel L\u00e1szl\u00f3 f\u00fcggetlen,<\/p><p>Tam\u00e1sn\u00e9 Nedeczki T\u00fcnde f\u00fcggetlen<\/p>\t\t\t\t\t\t\t\t<\/div>\n\t\t\t\t<\/div>\n\t\t\t\t\t<\/div>\n\t\t\t\t<\/div>\n\t\t\t\t<\/div>\n\t\t","protected":false},"excerpt":{"rendered":"<p>F\u0151oldal Telep\u00fcl\u00e9s\u00fcnk Vissr\u0151l Egyh\u00e1zak Civil szervezetek H\u00edress\u00e9geink L\u00e1tnival\u00f3k Int\u00e9zm\u00e9nyek Orvosi Rendel\u0151 \u00d3voda \u00e9s Konyha K\u00f6zs\u00e9gi K\u00f6nyvt\u00e1r Horg\u00e1szat V\u00edzter\u00fclet K\u00e9pgal\u00e9ria Hamburger Toggle Menu \u00d6nkorm\u00e1nyzat: N\u00e9v:\u00a0Viss K\u00f6zs\u00e9g \u00d6nkorm\u00e1nyzataC\u00edme:\u00a03956 Viss, Kolozsv\u00e1ri \u00fat 28.Telefon:\u00a006-47-344-068E-mail:vissonkoffice@gmail.comWeb:\u00a0www.viss.hu \u00d6nkorm\u00e1nyzati tiszts\u00e9gvisel\u0151k: Polg\u00e1rmester: Sztank\u00f3 Bernadette, f\u00fcggetlen Alpolg\u00e1rmester: Fut\u00e1s Levente, FIDESZ Jegyz\u0151: Dr. Kov\u00e1cs Vikt\u00f3riaE-mail: jegyzo@kenezlo.hu K\u00e9pvisel\u0151k: Fazekas Gyula f\u00fcggetlen, Lengyel L\u00e1szl\u00f3 f\u00fcggetlen, Tam\u00e1sn\u00e9 Nedeczki T\u00fcnde [&hellip;]<\/p>\n","protected":false},"author":1,"featured_media":0,"parent":0,"menu_order":0,"comment_status":"closed","ping_status":"closed","template":"elementor_canvas","meta":{"footnotes":""},"class_list":["post-251","page","type-page","status-publish","hentry"],"_links":{"self":[{"href":"https:\/\/viss.hu\/index.php\/wp-json\/wp\/v2\/pages\/251","targetHints":{"allow":["GET"]}}],"collection":[{"href":"https:\/\/viss.hu\/index.php\/wp-json\/wp\/v2\/pages"}],"about":[{"href":"https:\/\/viss.hu\/index.php\/wp-json\/wp\/v2\/types\/page"}],"author":[{"embeddable":true,"href":"https:\/\/viss.hu\/index.php\/wp-json\/wp\/v2\/users\/1"}],"replies":[{"embeddable":true,"href":"https:\/\/viss.hu\/index.php\/wp-json\/wp\/v2\/comments?post=251"}],"version-history":[{"count":15,"href":"https:\/\/viss.hu\/index.php\/wp-json\/wp\/v2\/pages\/251\/revisions"}],"predecessor-version":[{"id":1152,"href":"https:\/\/viss.hu\/index.php\/wp-json\/wp\/v2\/pages\/251\/revisions\/1152"}],"wp:attachment":[{"href":"https:\/\/viss.hu\/index.php\/wp-json\/wp\/v2\/media?parent=251"}],"curies":[{"name":"wp","href":"https:\/\/api.w.org\/{rel}","templated":true}]}}