{"id":395,"date":"2026-01-26T08:04:21","date_gmt":"2026-01-26T08:04:21","guid":{"rendered":"https:\/\/viss.hu\/?page_id=395"},"modified":"2026-04-15T09:36:44","modified_gmt":"2026-04-15T09:36:44","slug":"kozsegi-konyvtar","status":"publish","type":"page","link":"https:\/\/viss.hu\/index.php\/kozsegi-konyvtar\/","title":{"rendered":"K\u00f6zs\u00e9gi K\u00f6nyvt\u00e1r"},"content":{"rendered":"\t\t<div data-elementor-type=\"wp-page\" data-elementor-id=\"395\" class=\"elementor elementor-395\">\n\t\t\t\t<div class=\"elementor-element elementor-element-549c27c e-con-full e-flex e-con e-parent\" data-id=\"549c27c\" data-element_type=\"container\" data-e-type=\"container\" data-settings=\"{&quot;background_background&quot;:&quot;gradient&quot;}\">\n\t\t<div class=\"elementor-element elementor-element-2c6a225 e-con-full e-flex e-con e-child\" data-id=\"2c6a225\" data-element_type=\"container\" data-e-type=\"container\" data-settings=\"{&quot;background_background&quot;:&quot;gradient&quot;}\">\n\t\t<div class=\"elementor-element elementor-element-8c6c25d e-con-full e-flex e-con e-child\" data-id=\"8c6c25d\" data-element_type=\"container\" data-e-type=\"container\">\n\t\t\t\t<div class=\"elementor-element elementor-element-b54ab38 elementor-widget elementor-widget-image\" data-id=\"b54ab38\" data-element_type=\"widget\" data-e-type=\"widget\" data-widget_type=\"image.default\">\n\t\t\t\t\t\t\t\t\t\t\t\t\t\t\t<img fetchpriority=\"high\" decoding=\"async\" width=\"800\" height=\"763\" src=\"https:\/\/viss.hu\/wp-content\/uploads\/2026\/01\/Cimer-2-1133x1080.png\" class=\"attachment-large size-large wp-image-742\" alt=\"\" srcset=\"https:\/\/viss.hu\/wp-content\/uploads\/2026\/01\/Cimer-2-1133x1080.png 1133w, https:\/\/viss.hu\/wp-content\/uploads\/2026\/01\/Cimer-2-300x286.png 300w, https:\/\/viss.hu\/wp-content\/uploads\/2026\/01\/Cimer-2-768x732.png 768w, https:\/\/viss.hu\/wp-content\/uploads\/2026\/01\/Cimer-2.png 1371w\" sizes=\"(max-width: 800px) 100vw, 800px\" \/>\t\t\t\t\t\t\t\t\t\t\t\t\t\t\t<\/div>\n\t\t\t\t<\/div>\n\t\t<div class=\"elementor-element elementor-element-2460e9f e-con-full e-flex e-con e-child\" data-id=\"2460e9f\" data-element_type=\"container\" data-e-type=\"container\">\n\t\t\t\t<div class=\"elementor-element elementor-element-40bb615 eael_simple_menu_hamburger_disable_selected_menu_no eael-simple-menu-hamburger-align-right eael-hamburger--tablet elementor-widget elementor-widget-eael-simple-menu\" data-id=\"40bb615\" data-element_type=\"widget\" data-e-type=\"widget\" data-widget_type=\"eael-simple-menu.default\">\n\t\t\t\t\t<style>\n                        @media screen and (max-width: 1024px) {\n                            .eael-hamburger--tablet {\n                                .eael-simple-menu-horizontal,\n                                .eael-simple-menu-vertical {\n                                    display: none;\n                                }\n                            }\n                            .eael-hamburger--tablet {\n                                .eael-simple-menu-container .eael-simple-menu-toggle {\n                                    display: block;\n                                }\n                            }\n                        }\n                        .eael-simple-menu-container.eael-simple-menu--loading > ul {\n                            display: -webkit-box !important;\n                            display: -ms-flexbox !important;\n                            display: flex !important;\n                            list-style: none !important;\n                        }\n                        .eael-simple-menu-container.eael-simple-menu--loading li ul {\n                            visibility: hidden !important;\n                            opacity: 0 !important;\n                        }\n                    <\/style>            <div data-hamburger-icon=\"&lt;svg aria-hidden=&quot;true&quot; class=&quot;e-font-icon-svg e-fas-bars&quot; viewBox=&quot;0 0 448 512&quot; xmlns=&quot;http:\/\/www.w3.org\/2000\/svg&quot;&gt;&lt;path d=&quot;M16 132h416c8.837 0 16-7.163 16-16V76c0-8.837-7.163-16-16-16H16C7.163 60 0 67.163 0 76v40c0 8.837 7.163 16 16 16zm0 160h416c8.837 0 16-7.163 16-16v-40c0-8.837-7.163-16-16-16H16c-8.837 0-16 7.163-16 16v40c0 8.837 7.163 16 16 16zm0 160h416c8.837 0 16-7.163 16-16v-40c0-8.837-7.163-16-16-16H16c-8.837 0-16 7.163-16 16v40c0 8.837 7.163 16 16 16z&quot;&gt;&lt;\/path&gt;&lt;\/svg&gt;\" data-indicator-icon=\"&lt;svg aria-hidden=&quot;true&quot; class=&quot;e-font-icon-svg e-fas-angle-down&quot; viewBox=&quot;0 0 320 512&quot; xmlns=&quot;http:\/\/www.w3.org\/2000\/svg&quot;&gt;&lt;path d=&quot;M143 352.3L7 216.3c-9.4-9.4-9.4-24.6 0-33.9l22.6-22.6c9.4-9.4 24.6-9.4 33.9 0l96.4 96.4 96.4-96.4c9.4-9.4 24.6-9.4 33.9 0l22.6 22.6c9.4 9.4 9.4 24.6 0 33.9l-136 136c-9.2 9.4-24.4 9.4-33.8 0z&quot;&gt;&lt;\/path&gt;&lt;\/svg&gt;\" data-dropdown-indicator-icon=\"&lt;svg class=&quot;e-font-icon-svg e-fas-angle-down&quot; viewBox=&quot;0 0 320 512&quot; xmlns=&quot;http:\/\/www.w3.org\/2000\/svg&quot;&gt;&lt;path d=&quot;M143 352.3L7 216.3c-9.4-9.4-9.4-24.6 0-33.9l22.6-22.6c9.4-9.4 24.6-9.4 33.9 0l96.4 96.4 96.4-96.4c9.4-9.4 24.6-9.4 33.9 0l22.6 22.6c9.4 9.4 9.4 24.6 0 33.9l-136 136c-9.2 9.4-24.4 9.4-33.8 0z&quot;&gt;&lt;\/path&gt;&lt;\/svg&gt;\" class=\"eael-simple-menu-container eael-simple-menu--loading eael-simple-menu-align-left eael-simple-menu-dropdown-align-left preset-1\" data-hamburger-breakpoints=\"{&quot;mobile&quot;:&quot;Mobile Portrait (&gt; 767px)&quot;,&quot;tablet&quot;:&quot;Tablet Portrait (&gt; 1024px)&quot;,&quot;desktop&quot;:&quot;Desktop (&gt; 2400px)&quot;,&quot;none&quot;:&quot;None&quot;}\" data-hamburger-device=\"tablet\">\n                <ul id=\"menu-fejlec-menu\" class=\"eael-simple-menu eael-simple-menu-dropdown-animate-to-top eael-simple-menu-indicator eael-simple-menu-horizontal\"><li id=\"menu-item-83\" class=\"menu-item menu-item-type-post_type menu-item-object-page menu-item-home menu-item-83\"><a href=\"https:\/\/viss.hu\/\">F\u0151oldal<\/a><\/li>\n<li id=\"menu-item-75\" class=\"menu-item menu-item-type-post_type menu-item-object-page menu-item-has-children menu-item-75\"><a href=\"https:\/\/viss.hu\/index.php\/telepulesunk\/\">Telep\u00fcl\u00e9s\u00fcnk<\/a>\n<ul class=\"sub-menu\">\n\t<li id=\"menu-item-76\" class=\"menu-item menu-item-type-post_type menu-item-object-page menu-item-76\"><a href=\"https:\/\/viss.hu\/index.php\/vissrol\/\">Vissr\u0151l<\/a><\/li>\n\t<li id=\"menu-item-411\" class=\"menu-item menu-item-type-post_type menu-item-object-page menu-item-411\"><a href=\"https:\/\/viss.hu\/index.php\/egyhazak\/\">Egyh\u00e1zak<\/a><\/li>\n\t<li id=\"menu-item-830\" class=\"menu-item menu-item-type-post_type menu-item-object-page menu-item-830\"><a href=\"https:\/\/viss.hu\/index.php\/civil-szervezetek\/\">Civil szervezetek<\/a><\/li>\n\t<li id=\"menu-item-982\" class=\"menu-item menu-item-type-post_type menu-item-object-page menu-item-982\"><a href=\"https:\/\/viss.hu\/index.php\/hiressegeink\/\">H\u00edress\u00e9geink<\/a><\/li>\n\t<li id=\"menu-item-986\" class=\"menu-item menu-item-type-post_type menu-item-object-page menu-item-986\"><a href=\"https:\/\/viss.hu\/index.php\/latnivalok\/\">L\u00e1tnival\u00f3k<\/a><\/li>\n<\/ul>\n<\/li>\n<li id=\"menu-item-185\" class=\"menu-item menu-item-type-post_type menu-item-object-page menu-item-has-children menu-item-185\"><a href=\"https:\/\/viss.hu\/index.php\/intezmenyek\/\">Int\u00e9zm\u00e9nyek<\/a>\n<ul class=\"sub-menu\">\n\t<li id=\"menu-item-400\" class=\"menu-item menu-item-type-post_type menu-item-object-page menu-item-400\"><a href=\"https:\/\/viss.hu\/index.php\/orvosi-rendelo\/\">Orvosi Rendel\u0151<\/a><\/li>\n\t<li id=\"menu-item-401\" class=\"menu-item menu-item-type-post_type menu-item-object-page menu-item-401\"><a href=\"https:\/\/viss.hu\/index.php\/ovoda-es-konyha\/\">\u00d3voda \u00e9s Konyha<\/a><\/li>\n\t<li id=\"menu-item-399\" class=\"menu-item menu-item-type-post_type menu-item-object-page menu-item-399\"><a href=\"https:\/\/viss.hu\/index.php\/kozsegi-konyvtar\/\">K\u00f6zs\u00e9gi K\u00f6nyvt\u00e1r<\/a><\/li>\n<\/ul>\n<\/li>\n<li id=\"menu-item-186\" class=\"menu-item menu-item-type-post_type menu-item-object-page menu-item-has-children menu-item-186\"><a href=\"https:\/\/viss.hu\/index.php\/horgaszat\/\">Horg\u00e1szat<\/a>\n<ul class=\"sub-menu\">\n\t<li id=\"menu-item-524\" class=\"menu-item menu-item-type-post_type menu-item-object-page menu-item-524\"><a href=\"https:\/\/viss.hu\/index.php\/horgaszat-2\/\">V\u00edzter\u00fclet<\/a><\/li>\n<\/ul>\n<\/li>\n<li id=\"menu-item-187\" class=\"menu-item menu-item-type-post_type menu-item-object-page menu-item-187\"><a href=\"https:\/\/viss.hu\/index.php\/kepgaleria\/\">K\u00e9pgal\u00e9ria<\/a><\/li>\n<li id=\"menu-item-1181\" class=\"menu-item menu-item-type-post_type menu-item-object-page menu-item-has-children menu-item-1181\"><a href=\"https:\/\/viss.hu\/index.php\/valasztas\/\">V\u00e1laszt\u00e1s<\/a>\n<ul class=\"sub-menu\">\n\t<li id=\"menu-item-1190\" class=\"menu-item menu-item-type-post_type menu-item-object-page menu-item-1190\"><a href=\"https:\/\/viss.hu\/index.php\/orszaggyulesi-valasztas-2026\/\">Orsz\u00e1ggy\u0171l\u00e9si v\u00e1laszt\u00e1s 2026<\/a><\/li>\n<\/ul>\n<\/li>\n<\/ul>                <button class=\"eael-simple-menu-toggle\">\n                    <span class=\"sr-only \">Hamburger Toggle Menu<\/span>\n                    <svg aria-hidden=\"true\" class=\"e-font-icon-svg e-fas-bars\" viewBox=\"0 0 448 512\" xmlns=\"http:\/\/www.w3.org\/2000\/svg\"><path d=\"M16 132h416c8.837 0 16-7.163 16-16V76c0-8.837-7.163-16-16-16H16C7.163 60 0 67.163 0 76v40c0 8.837 7.163 16 16 16zm0 160h416c8.837 0 16-7.163 16-16v-40c0-8.837-7.163-16-16-16H16c-8.837 0-16 7.163-16 16v40c0 8.837 7.163 16 16 16zm0 160h416c8.837 0 16-7.163 16-16v-40c0-8.837-7.163-16-16-16H16c-8.837 0-16 7.163-16 16v40c0 8.837 7.163 16 16 16z\"><\/path><\/svg>                <\/button>\n            <\/div>\n            \t\t\t\t<\/div>\n\t\t\t\t<\/div>\n\t\t\t\t<\/div>\n\t\t\t\t<\/div>\n\t\t<div class=\"elementor-element elementor-element-154df55 e-flex e-con-boxed e-con e-parent\" data-id=\"154df55\" data-element_type=\"container\" data-e-type=\"container\">\n\t\t\t\t\t<div class=\"e-con-inner\">\n\t\t\t\t<div class=\"elementor-element elementor-element-cc39b0e elementor-widget elementor-widget-spacer\" data-id=\"cc39b0e\" data-element_type=\"widget\" data-e-type=\"widget\" data-widget_type=\"spacer.default\">\n\t\t\t\t\t\t\t<div class=\"elementor-spacer\">\n\t\t\t<div class=\"elementor-spacer-inner\"><\/div>\n\t\t<\/div>\n\t\t\t\t\t\t<\/div>\n\t\t\t\t\t<\/div>\n\t\t\t\t<\/div>\n\t\t<div class=\"elementor-element elementor-element-340825d e-flex e-con-boxed e-con e-parent\" data-id=\"340825d\" data-element_type=\"container\" data-e-type=\"container\">\n\t\t\t\t\t<div class=\"e-con-inner\">\n\t\t\t\t<div class=\"elementor-element elementor-element-8e633bc elementor-widget elementor-widget-image\" data-id=\"8e633bc\" data-element_type=\"widget\" data-e-type=\"widget\" data-widget_type=\"image.default\">\n\t\t\t\t\t\t\t\t\t\t\t\t\t\t\t<img decoding=\"async\" width=\"800\" height=\"220\" src=\"https:\/\/viss.hu\/wp-content\/uploads\/2026\/01\/Viss-logo3.png\" class=\"attachment-large size-large wp-image-749\" alt=\"\" srcset=\"https:\/\/viss.hu\/wp-content\/uploads\/2026\/01\/Viss-logo3.png 1341w, https:\/\/viss.hu\/wp-content\/uploads\/2026\/01\/Viss-logo3-300x82.png 300w, https:\/\/viss.hu\/wp-content\/uploads\/2026\/01\/Viss-logo3-768x211.png 768w\" sizes=\"(max-width: 800px) 100vw, 800px\" \/>\t\t\t\t\t\t\t\t\t\t\t\t\t\t\t<\/div>\n\t\t\t\t\t<\/div>\n\t\t\t\t<\/div>\n\t\t<div class=\"elementor-element elementor-element-51287ef e-flex e-con-boxed e-con e-parent\" data-id=\"51287ef\" data-element_type=\"container\" data-e-type=\"container\">\n\t\t\t\t\t<div class=\"e-con-inner\">\n\t\t\t\t<div class=\"elementor-element elementor-element-1010529 elementor-widget elementor-widget-spacer\" data-id=\"1010529\" data-element_type=\"widget\" data-e-type=\"widget\" data-widget_type=\"spacer.default\">\n\t\t\t\t\t\t\t<div class=\"elementor-spacer\">\n\t\t\t<div class=\"elementor-spacer-inner\"><\/div>\n\t\t<\/div>\n\t\t\t\t\t\t<\/div>\n\t\t\t\t\t<\/div>\n\t\t\t\t<\/div>\n\t\t<div class=\"elementor-element elementor-element-db80beb e-con-full e-flex e-con e-parent\" data-id=\"db80beb\" data-element_type=\"container\" data-e-type=\"container\" data-settings=\"{&quot;background_background&quot;:&quot;classic&quot;,&quot;shape_divider_top&quot;:&quot;mountains&quot;}\">\n\t\t\t\t<div class=\"elementor-shape elementor-shape-top\" aria-hidden=\"true\" data-negative=\"false\">\n\t\t\t<svg xmlns=\"http:\/\/www.w3.org\/2000\/svg\" viewBox=\"0 0 1000 100\" preserveAspectRatio=\"none\">\n\t<path class=\"elementor-shape-fill\" opacity=\"0.33\" d=\"M473,67.3c-203.9,88.3-263.1-34-320.3,0C66,119.1,0,59.7,0,59.7V0h1000v59.7 c0,0-62.1,26.1-94.9,29.3c-32.8,3.3-62.8-12.3-75.8-22.1C806,49.6,745.3,8.7,694.9,4.7S492.4,59,473,67.3z\"\/>\n\t<path class=\"elementor-shape-fill\" opacity=\"0.66\" d=\"M734,67.3c-45.5,0-77.2-23.2-129.1-39.1c-28.6-8.7-150.3-10.1-254,39.1 s-91.7-34.4-149.2,0C115.7,118.3,0,39.8,0,39.8V0h1000v36.5c0,0-28.2-18.5-92.1-18.5C810.2,18.1,775.7,67.3,734,67.3z\"\/>\n\t<path class=\"elementor-shape-fill\" d=\"M766.1,28.9c-200-57.5-266,65.5-395.1,19.5C242,1.8,242,5.4,184.8,20.6C128,35.8,132.3,44.9,89.9,52.5C28.6,63.7,0,0,0,0 h1000c0,0-9.9,40.9-83.6,48.1S829.6,47,766.1,28.9z\"\/>\n<\/svg>\t\t<\/div>\n\t\t\t\t<div class=\"elementor-element elementor-element-14daaf3 elementor-widget__width-initial elementor-widget elementor-widget-heading\" data-id=\"14daaf3\" data-element_type=\"widget\" data-e-type=\"widget\" data-widget_type=\"heading.default\">\n\t\t\t\t\t<h2 class=\"elementor-heading-title elementor-size-default\">\nK\u00d6ZS\u00c9GI K\u00d6NYVT\u00c1R\n<\/h2>\t\t\t\t<\/div>\n\t\t\t\t<\/div>\n\t\t<div class=\"elementor-element elementor-element-dafea47 e-con-full e-flex e-con e-parent\" data-id=\"dafea47\" data-element_type=\"container\" data-e-type=\"container\" data-settings=\"{&quot;background_background&quot;:&quot;classic&quot;}\">\n\t\t\t\t<div class=\"elementor-element elementor-element-d8a2db8 elementor-widget__width-initial elementor-widget elementor-widget-text-editor\" data-id=\"d8a2db8\" data-element_type=\"widget\" data-e-type=\"widget\" data-widget_type=\"text-editor.default\">\n\t\t\t\t\t\t\t\t\t<p><strong>C\u00edm:<\/strong>3956 Viss, Kolozsv\u00e1ri u. 22<br \/><br \/><\/p>\t\t\t\t\t\t\t\t<\/div>\n\t\t\t\t<\/div>\n\t\t<div class=\"elementor-element elementor-element-9a1cd93 e-con-full e-flex e-con e-parent\" data-id=\"9a1cd93\" data-element_type=\"container\" data-e-type=\"container\" data-settings=\"{&quot;background_background&quot;:&quot;classic&quot;}\">\n\t\t<div class=\"elementor-element elementor-element-6c94c8a e-con-full e-flex e-con e-child\" data-id=\"6c94c8a\" data-element_type=\"container\" data-e-type=\"container\">\n\t\t\t\t<div class=\"elementor-element elementor-element-0caa50d elementor-widget elementor-widget-text-editor\" data-id=\"0caa50d\" data-element_type=\"widget\" data-e-type=\"widget\" data-widget_type=\"text-editor.default\">\n\t\t\t\t\t\t\t\t\t<p><strong>K\u00f6nyvt\u00e1rvezet\u0151<\/strong>:<\/p>\t\t\t\t\t\t\t\t<\/div>\n\t\t\t\t<\/div>\n\t\t<div class=\"elementor-element elementor-element-5bb3e15 e-con-full e-flex e-con e-child\" data-id=\"5bb3e15\" data-element_type=\"container\" data-e-type=\"container\">\n\t\t\t\t<div class=\"elementor-element elementor-element-4fd7b11 elementor-widget elementor-widget-text-editor\" data-id=\"4fd7b11\" data-element_type=\"widget\" data-e-type=\"widget\" data-widget_type=\"text-editor.default\">\n\t\t\t\t\t\t\t\t\t<p>M\u00e9sz\u00e1ros \u00c1gnes<br \/><br \/><\/p>\t\t\t\t\t\t\t\t<\/div>\n\t\t\t\t<\/div>\n\t\t\t\t<\/div>\n\t\t<div class=\"elementor-element elementor-element-f50b89a e-con-full e-flex e-con e-parent\" data-id=\"f50b89a\" data-element_type=\"container\" data-e-type=\"container\" data-settings=\"{&quot;background_background&quot;:&quot;classic&quot;}\">\n\t\t<div class=\"elementor-element elementor-element-ce19e5f e-con-full e-flex e-con e-child\" data-id=\"ce19e5f\" data-element_type=\"container\" data-e-type=\"container\">\n\t\t\t\t<div class=\"elementor-element elementor-element-4d0bc21 elementor-widget elementor-widget-text-editor\" data-id=\"4d0bc21\" data-element_type=\"widget\" data-e-type=\"widget\" data-widget_type=\"text-editor.default\">\n\t\t\t\t\t\t\t\t\t<p><strong>A nyitvatart\u00e1si id\u0151: <\/strong><\/p>\t\t\t\t\t\t\t\t<\/div>\n\t\t\t\t<\/div>\n\t\t<div class=\"elementor-element elementor-element-7f413c8 e-con-full e-flex e-con e-child\" data-id=\"7f413c8\" data-element_type=\"container\" data-e-type=\"container\">\n\t\t\t\t<div class=\"elementor-element elementor-element-cc2196a elementor-widget elementor-widget-text-editor\" data-id=\"cc2196a\" data-element_type=\"widget\" data-e-type=\"widget\" data-widget_type=\"text-editor.default\">\n\t\t\t\t\t\t\t\t\t<p><strong>P\u00e9ntek<\/strong>: 13:00 \u2013 16:00<br \/><strong>Szombat<\/strong>: 10:00 \u2013 12:00<\/p>\t\t\t\t\t\t\t\t<\/div>\n\t\t\t\t<\/div>\n\t\t\t\t<\/div>\n\t\t<div class=\"elementor-element elementor-element-5df4586 e-con-full e-flex e-con e-parent\" data-id=\"5df4586\" data-element_type=\"container\" data-e-type=\"container\" data-settings=\"{&quot;background_background&quot;:&quot;classic&quot;,&quot;shape_divider_top&quot;:&quot;opacity-tilt&quot;}\">\n\t\t\t\t<div class=\"elementor-shape elementor-shape-top\" aria-hidden=\"true\" data-negative=\"false\">\n\t\t\t<svg xmlns=\"http:\/\/www.w3.org\/2000\/svg\" viewBox=\"0 0 2600 131.1\" preserveAspectRatio=\"none\">\n\t<path class=\"elementor-shape-fill\" d=\"M0 0L2600 0 2600 69.1 0 0z\"\/>\n\t<path class=\"elementor-shape-fill\" style=\"opacity:0.5\" d=\"M0 0L2600 0 2600 69.1 0 69.1z\"\/>\n\t<path class=\"elementor-shape-fill\" style=\"opacity:0.25\" d=\"M2600 0L0 0 0 130.1 2600 69.1z\"\/>\n<\/svg>\t\t<\/div>\n\t\t<div class=\"elementor-element elementor-element-e80a046 e-con-full e-flex e-con e-child\" data-id=\"e80a046\" data-element_type=\"container\" data-e-type=\"container\" data-settings=\"{&quot;background_background&quot;:&quot;classic&quot;,&quot;shape_divider_top&quot;:&quot;opacity-tilt&quot;}\">\n\t\t\t\t<div class=\"elementor-shape elementor-shape-top\" aria-hidden=\"true\" data-negative=\"false\">\n\t\t\t<svg xmlns=\"http:\/\/www.w3.org\/2000\/svg\" viewBox=\"0 0 2600 131.1\" preserveAspectRatio=\"none\">\n\t<path class=\"elementor-shape-fill\" d=\"M0 0L2600 0 2600 69.1 0 0z\"\/>\n\t<path class=\"elementor-shape-fill\" style=\"opacity:0.5\" d=\"M0 0L2600 0 2600 69.1 0 69.1z\"\/>\n\t<path class=\"elementor-shape-fill\" style=\"opacity:0.25\" d=\"M2600 0L0 0 0 130.1 2600 69.1z\"\/>\n<\/svg>\t\t<\/div>\n\t\t<div class=\"elementor-element elementor-element-f7c5bd2 e-con-full e-flex e-con e-child\" data-id=\"f7c5bd2\" data-element_type=\"container\" data-e-type=\"container\">\n\t\t<div class=\"elementor-element elementor-element-4ee2a58 e-con-full e-flex e-con e-child\" data-id=\"4ee2a58\" data-element_type=\"container\" data-e-type=\"container\">\n\t\t\t\t<div class=\"elementor-element elementor-element-25590b9 elementor-widget elementor-widget-text-editor\" data-id=\"25590b9\" data-element_type=\"widget\" data-e-type=\"widget\" data-widget_type=\"text-editor.default\">\n\t\t\t\t\t\t\t\t\t<p>Viss K\u00f6zs\u00e9g \u00d6nkorm\u00e1nyzata<\/p>\t\t\t\t\t\t\t\t<\/div>\n\t\t\t\t<div class=\"elementor-element elementor-element-b2316cb elementor-widget elementor-widget-text-editor\" data-id=\"b2316cb\" data-element_type=\"widget\" data-e-type=\"widget\" data-widget_type=\"text-editor.default\">\n\t\t\t\t\t\t\t\t\t<p><strong>C\u00edme:\u00a0<\/strong>3956 Viss, Kolozsv\u00e1ri \u00fat 28.<\/p>\t\t\t\t\t\t\t\t<\/div>\n\t\t\t\t<div class=\"elementor-element elementor-element-2f8e153 elementor-widget elementor-widget-text-editor\" data-id=\"2f8e153\" data-element_type=\"widget\" data-e-type=\"widget\" data-widget_type=\"text-editor.default\">\n\t\t\t\t\t\t\t\t\t<p><b>Telefon:<\/b> 06-47-344-068<\/p>\t\t\t\t\t\t\t\t<\/div>\n\t\t\t\t<div class=\"elementor-element elementor-element-f14225d elementor-widget elementor-widget-text-editor\" data-id=\"f14225d\" data-element_type=\"widget\" data-e-type=\"widget\" data-widget_type=\"text-editor.default\">\n\t\t\t\t\t\t\t\t\t<p>Email: <a href=\"mailto:vissonk@freemail.hu\"><strong>vissonkoffice@gmail.com<\/strong><\/a><\/p>\t\t\t\t\t\t\t\t<\/div>\n\t\t\t\t<\/div>\n\t\t\t\t<\/div>\n\t\t<div class=\"elementor-element elementor-element-547a631 e-con-full e-flex e-con e-child\" data-id=\"547a631\" data-element_type=\"container\" data-e-type=\"container\">\n\t\t<div class=\"elementor-element elementor-element-d89be26 e-con-full e-flex e-con e-child\" data-id=\"d89be26\" data-element_type=\"container\" data-e-type=\"container\">\n\t\t\t\t<div class=\"elementor-element elementor-element-0fb0992 elementor-widget elementor-widget-text-editor\" data-id=\"0fb0992\" data-element_type=\"widget\" data-e-type=\"widget\" data-widget_type=\"text-editor.default\">\n\t\t\t\t\t\t\t\t\t<p>Ken\u00e9zl\u0151i k\u00f6z\u00f6s \u00d6nkorm\u00e1nyzati Hivatal<\/p>\t\t\t\t\t\t\t\t<\/div>\n\t\t\t\t<div class=\"elementor-element elementor-element-9efe352 elementor-widget elementor-widget-text-editor\" data-id=\"9efe352\" data-element_type=\"widget\" data-e-type=\"widget\" data-widget_type=\"text-editor.default\">\n\t\t\t\t\t\t\t\t\t<p><strong>C\u00edme:\u00a0<\/strong>3956 Viss, Kolozsv\u00e1ri \u00fat 28.<\/p>\t\t\t\t\t\t\t\t<\/div>\n\t\t\t\t<div class=\"elementor-element elementor-element-da51826 elementor-widget elementor-widget-text-editor\" data-id=\"da51826\" data-element_type=\"widget\" data-e-type=\"widget\" data-widget_type=\"text-editor.default\">\n\t\t\t\t\t\t\t\t\t<p><b>Telefon:<\/b> 06-47-344-068<\/p>\t\t\t\t\t\t\t\t<\/div>\n\t\t\t\t<div class=\"elementor-element elementor-element-637bd35 elementor-widget elementor-widget-text-editor\" data-id=\"637bd35\" data-element_type=\"widget\" data-e-type=\"widget\" data-widget_type=\"text-editor.default\">\n\t\t\t\t\t\t\t\t\t<p>Email: <a href=\"mailto:vissonk@freemail.hu\"><strong>vissonkoffice@gmail.com<\/strong><\/a><\/p>\t\t\t\t\t\t\t\t<\/div>\n\t\t\t\t<\/div>\n\t\t\t\t<\/div>\n\t\t<div class=\"elementor-element elementor-element-6e47d1c e-con-full e-flex e-con e-child\" data-id=\"6e47d1c\" data-element_type=\"container\" data-e-type=\"container\">\n\t\t\t\t<div class=\"elementor-element elementor-element-e9224fb elementor-widget elementor-widget-text-editor\" data-id=\"e9224fb\" data-element_type=\"widget\" data-e-type=\"widget\" data-widget_type=\"text-editor.default\">\n\t\t\t\t\t\t\t\t\t<p>A Ken\u00e9zl\u0151i K\u00f6z\u00f6s \u00d6nkorm\u00e1nyzati Hivatal \u00fcgyf\u00e9lfogad\u00e1si rendje Vissen<\/p>\t\t\t\t\t\t\t\t<\/div>\n\t\t\t\t<div class=\"elementor-element elementor-element-97de1f2 elementor-widget elementor-widget-text-editor\" data-id=\"97de1f2\" data-element_type=\"widget\" data-e-type=\"widget\" data-widget_type=\"text-editor.default\">\n\t\t\t\t\t\t\t\t\t<p><strong>H\u00e9tf\u0151-Cs\u00fct\u00f6rt\u00f6k:<\/strong><\/p><p>8.00-12.00;\u00a0 \u00a0 \u00a0\u00a0<\/p>\t\t\t\t\t\t\t\t<\/div>\n\t\t\t\t<div class=\"elementor-element elementor-element-1fd9609 elementor-widget elementor-widget-text-editor\" data-id=\"1fd9609\" data-element_type=\"widget\" data-e-type=\"widget\" data-widget_type=\"text-editor.default\">\n\t\t\t\t\t\t\t\t\t<p><strong>P\u00e9ntek<\/strong>:<\/p><p>sz\u00fcnnap<\/p>\t\t\t\t\t\t\t\t<\/div>\n\t\t\t\t<\/div>\n\t\t<div class=\"elementor-element elementor-element-b0fbca2 e-con-full e-flex e-con e-child\" data-id=\"b0fbca2\" data-element_type=\"container\" data-e-type=\"container\">\n\t\t\t\t<div class=\"elementor-element elementor-element-23e7191 elementor-widget elementor-widget-text-editor\" data-id=\"23e7191\" data-element_type=\"widget\" data-e-type=\"widget\" data-widget_type=\"text-editor.default\">\n\t\t\t\t\t\t\t\t\t<p><a href=\"https:\/\/viss.hu\/wp-content\/uploads\/2026\/02\/Adatvedelemi-dokumentacio.pdf\">Adatv\u00e9delmi szab\u00e1lyzat<\/a><\/p>\t\t\t\t\t\t\t\t<\/div>\n\t\t\t\t<div class=\"elementor-element elementor-element-2bb9cf0 elementor-widget elementor-widget-text-editor\" data-id=\"2bb9cf0\" data-element_type=\"widget\" data-e-type=\"widget\" data-widget_type=\"text-editor.default\">\n\t\t\t\t\t\t\t\t\t<p>Szervezeti m\u0171k\u00f6d\u00e9si szab\u00e1lyzat<\/p>\t\t\t\t\t\t\t\t<\/div>\n\t\t\t\t<div class=\"elementor-element elementor-element-bab2411 elementor-widget elementor-widget-text-editor\" data-id=\"bab2411\" data-element_type=\"widget\" data-e-type=\"widget\" data-widget_type=\"text-editor.default\">\n\t\t\t\t\t\t\t\t\t<p>Telep\u00fcl\u00e9s arculati k\u00e9zik\u00f6nyv<\/p>\t\t\t\t\t\t\t\t<\/div>\n\t\t\t\t<div class=\"elementor-element elementor-element-7eba57d elementor-widget elementor-widget-text-editor\" data-id=\"7eba57d\" data-element_type=\"widget\" data-e-type=\"widget\" data-widget_type=\"text-editor.default\">\n\t\t\t\t\t\t\t\t\t<p>Arh\u00edvum<\/p>\t\t\t\t\t\t\t\t<\/div>\n\t\t\t\t<div class=\"elementor-element elementor-element-a352785 elementor-widget elementor-widget-image\" data-id=\"a352785\" data-element_type=\"widget\" data-e-type=\"widget\" data-widget_type=\"image.default\">\n\t\t\t\t\t\t\t\t\t\t\t\t\t\t\t\t<a href=\"https:\/\/www.hcomgroup.hu\">\n\t\t\t\t\t\t\t<img decoding=\"async\" width=\"363\" height=\"158\" src=\"https:\/\/viss.hu\/wp-content\/uploads\/2026\/01\/webszerlog.png\" class=\"attachment-large size-large wp-image-211\" alt=\"\" srcset=\"https:\/\/viss.hu\/wp-content\/uploads\/2026\/01\/webszerlog.png 363w, https:\/\/viss.hu\/wp-content\/uploads\/2026\/01\/webszerlog-300x131.png 300w\" sizes=\"(max-width: 363px) 100vw, 363px\" \/>\t\t\t\t\t\t\t\t<\/a>\n\t\t\t\t\t\t\t\t\t\t\t\t\t\t\t<\/div>\n\t\t\t\t<\/div>\n\t\t\t\t<\/div>\n\t\t\t\t<\/div>\n\t\t\t\t<\/div>\n\t\t","protected":false},"excerpt":{"rendered":"<p>F\u0151oldal Telep\u00fcl\u00e9s\u00fcnk Vissr\u0151l Egyh\u00e1zak Civil szervezetek H\u00edress\u00e9geink L\u00e1tnival\u00f3k Int\u00e9zm\u00e9nyek Orvosi Rendel\u0151 \u00d3voda \u00e9s Konyha K\u00f6zs\u00e9gi K\u00f6nyvt\u00e1r Horg\u00e1szat V\u00edzter\u00fclet K\u00e9pgal\u00e9ria V\u00e1laszt\u00e1s Orsz\u00e1ggy\u0171l\u00e9si v\u00e1laszt\u00e1s 2026 Hamburger Toggle Menu K\u00d6ZS\u00c9GI K\u00d6NYVT\u00c1R C\u00edm:3956 Viss, Kolozsv\u00e1ri u. 22 K\u00f6nyvt\u00e1rvezet\u0151: M\u00e9sz\u00e1ros \u00c1gnes A nyitvatart\u00e1si id\u0151: P\u00e9ntek: 13:00 \u2013 16:00Szombat: 10:00 \u2013 12:00 Viss K\u00f6zs\u00e9g \u00d6nkorm\u00e1nyzata C\u00edme:\u00a03956 Viss, Kolozsv\u00e1ri \u00fat 28. Telefon: [&hellip;]<\/p>\n","protected":false},"author":1,"featured_media":0,"parent":0,"menu_order":0,"comment_status":"closed","ping_status":"closed","template":"elementor_canvas","meta":{"footnotes":""},"class_list":["post-395","page","type-page","status-publish","hentry"],"_links":{"self":[{"href":"https:\/\/viss.hu\/index.php\/wp-json\/wp\/v2\/pages\/395","targetHints":{"allow":["GET"]}}],"collection":[{"href":"https:\/\/viss.hu\/index.php\/wp-json\/wp\/v2\/pages"}],"about":[{"href":"https:\/\/viss.hu\/index.php\/wp-json\/wp\/v2\/types\/page"}],"author":[{"embeddable":true,"href":"https:\/\/viss.hu\/index.php\/wp-json\/wp\/v2\/users\/1"}],"replies":[{"embeddable":true,"href":"https:\/\/viss.hu\/index.php\/wp-json\/wp\/v2\/comments?post=395"}],"version-history":[{"count":24,"href":"https:\/\/viss.hu\/index.php\/wp-json\/wp\/v2\/pages\/395\/revisions"}],"predecessor-version":[{"id":1371,"href":"https:\/\/viss.hu\/index.php\/wp-json\/wp\/v2\/pages\/395\/revisions\/1371"}],"wp:attachment":[{"href":"https:\/\/viss.hu\/index.php\/wp-json\/wp\/v2\/media?parent=395"}],"curies":[{"name":"wp","href":"https:\/\/api.w.org\/{rel}","templated":true}]}}