{"id":421,"date":"2026-01-26T09:32:57","date_gmt":"2026-01-26T09:32:57","guid":{"rendered":"https:\/\/viss.hu\/?page_id=421"},"modified":"2026-04-14T08:12:23","modified_gmt":"2026-04-14T08:12:23","slug":"kepviselok-copy","status":"publish","type":"page","link":"https:\/\/viss.hu\/index.php\/kepviselok-copy\/","title":{"rendered":"Roma Nemzetis\u00e9gi \u00d6nkorm\u00e1nyzat"},"content":{"rendered":"\t\t<div data-elementor-type=\"wp-page\" data-elementor-id=\"421\" class=\"elementor elementor-421\">\n\t\t\t\t<div class=\"elementor-element elementor-element-2ac2521 e-con-full e-flex e-con e-parent\" data-id=\"2ac2521\" data-element_type=\"container\" data-e-type=\"container\" data-settings=\"{&quot;background_background&quot;:&quot;gradient&quot;}\">\n\t\t<div class=\"elementor-element elementor-element-a85b23c e-con-full e-flex e-con e-child\" data-id=\"a85b23c\" data-element_type=\"container\" data-e-type=\"container\" data-settings=\"{&quot;background_background&quot;:&quot;gradient&quot;}\">\n\t\t<div class=\"elementor-element elementor-element-18c610b e-con-full e-flex e-con e-child\" data-id=\"18c610b\" data-element_type=\"container\" data-e-type=\"container\">\n\t\t\t\t<div class=\"elementor-element elementor-element-1b4bc10 elementor-widget elementor-widget-image\" data-id=\"1b4bc10\" data-element_type=\"widget\" data-e-type=\"widget\" data-widget_type=\"image.default\">\n\t\t\t\t\t\t\t\t\t\t\t\t\t\t\t<img fetchpriority=\"high\" decoding=\"async\" width=\"800\" height=\"277\" src=\"https:\/\/viss.hu\/wp-content\/uploads\/2026\/01\/Viss-logo2.png\" class=\"attachment-large size-large wp-image-719\" alt=\"\" srcset=\"https:\/\/viss.hu\/wp-content\/uploads\/2026\/01\/Viss-logo2.png 1877w, https:\/\/viss.hu\/wp-content\/uploads\/2026\/01\/Viss-logo2-300x104.png 300w, https:\/\/viss.hu\/wp-content\/uploads\/2026\/01\/Viss-logo2-768x266.png 768w, https:\/\/viss.hu\/wp-content\/uploads\/2026\/01\/Viss-logo2-1536x532.png 1536w\" sizes=\"(max-width: 800px) 100vw, 800px\" \/>\t\t\t\t\t\t\t\t\t\t\t\t\t\t\t<\/div>\n\t\t\t\t<\/div>\n\t\t<div class=\"elementor-element elementor-element-3e09667 e-con-full e-flex e-con e-child\" data-id=\"3e09667\" data-element_type=\"container\" data-e-type=\"container\">\n\t\t\t\t<div class=\"elementor-element elementor-element-8b46a93 eael_simple_menu_hamburger_disable_selected_menu_no eael-simple-menu-hamburger-align-right eael-hamburger--tablet elementor-widget elementor-widget-eael-simple-menu\" data-id=\"8b46a93\" data-element_type=\"widget\" data-e-type=\"widget\" data-widget_type=\"eael-simple-menu.default\">\n\t\t\t\t\t<style>\n                        @media screen and (max-width: 1024px) {\n                            .eael-hamburger--tablet {\n                                .eael-simple-menu-horizontal,\n                                .eael-simple-menu-vertical {\n                                    display: none;\n                                }\n                            }\n                            .eael-hamburger--tablet {\n                                .eael-simple-menu-container .eael-simple-menu-toggle {\n                                    display: block;\n                                }\n                            }\n                        }\n                        .eael-simple-menu-container.eael-simple-menu--loading > ul {\n                            display: -webkit-box !important;\n                            display: -ms-flexbox !important;\n                            display: flex !important;\n                            list-style: none !important;\n                        }\n                        .eael-simple-menu-container.eael-simple-menu--loading li ul {\n                            visibility: hidden !important;\n                            opacity: 0 !important;\n                        }\n                    <\/style>            <div data-hamburger-icon=\"&lt;svg aria-hidden=&quot;true&quot; class=&quot;e-font-icon-svg e-fas-bars&quot; viewBox=&quot;0 0 448 512&quot; xmlns=&quot;http:\/\/www.w3.org\/2000\/svg&quot;&gt;&lt;path d=&quot;M16 132h416c8.837 0 16-7.163 16-16V76c0-8.837-7.163-16-16-16H16C7.163 60 0 67.163 0 76v40c0 8.837 7.163 16 16 16zm0 160h416c8.837 0 16-7.163 16-16v-40c0-8.837-7.163-16-16-16H16c-8.837 0-16 7.163-16 16v40c0 8.837 7.163 16 16 16zm0 160h416c8.837 0 16-7.163 16-16v-40c0-8.837-7.163-16-16-16H16c-8.837 0-16 7.163-16 16v40c0 8.837 7.163 16 16 16z&quot;&gt;&lt;\/path&gt;&lt;\/svg&gt;\" data-indicator-icon=\"&lt;svg aria-hidden=&quot;true&quot; class=&quot;e-font-icon-svg e-fas-angle-down&quot; viewBox=&quot;0 0 320 512&quot; xmlns=&quot;http:\/\/www.w3.org\/2000\/svg&quot;&gt;&lt;path d=&quot;M143 352.3L7 216.3c-9.4-9.4-9.4-24.6 0-33.9l22.6-22.6c9.4-9.4 24.6-9.4 33.9 0l96.4 96.4 96.4-96.4c9.4-9.4 24.6-9.4 33.9 0l22.6 22.6c9.4 9.4 9.4 24.6 0 33.9l-136 136c-9.2 9.4-24.4 9.4-33.8 0z&quot;&gt;&lt;\/path&gt;&lt;\/svg&gt;\" data-dropdown-indicator-icon=\"&lt;svg class=&quot;e-font-icon-svg e-fas-angle-down&quot; viewBox=&quot;0 0 320 512&quot; xmlns=&quot;http:\/\/www.w3.org\/2000\/svg&quot;&gt;&lt;path d=&quot;M143 352.3L7 216.3c-9.4-9.4-9.4-24.6 0-33.9l22.6-22.6c9.4-9.4 24.6-9.4 33.9 0l96.4 96.4 96.4-96.4c9.4-9.4 24.6-9.4 33.9 0l22.6 22.6c9.4 9.4 9.4 24.6 0 33.9l-136 136c-9.2 9.4-24.4 9.4-33.8 0z&quot;&gt;&lt;\/path&gt;&lt;\/svg&gt;\" class=\"eael-simple-menu-container eael-simple-menu--loading eael-simple-menu-align-left eael-simple-menu-dropdown-align-left preset-1\" data-hamburger-breakpoints=\"{&quot;mobile&quot;:&quot;Mobile Portrait (&gt; 767px)&quot;,&quot;tablet&quot;:&quot;Tablet Portrait (&gt; 1024px)&quot;,&quot;desktop&quot;:&quot;Desktop (&gt; 2400px)&quot;,&quot;none&quot;:&quot;None&quot;}\" data-hamburger-device=\"tablet\">\n                <ul id=\"menu-fejlec-menu\" class=\"eael-simple-menu eael-simple-menu-dropdown-animate-to-top eael-simple-menu-indicator eael-simple-menu-horizontal\"><li id=\"menu-item-83\" class=\"menu-item menu-item-type-post_type menu-item-object-page menu-item-home menu-item-83\"><a href=\"https:\/\/viss.hu\/\">F\u0151oldal<\/a><\/li>\n<li id=\"menu-item-75\" class=\"menu-item menu-item-type-post_type menu-item-object-page menu-item-has-children menu-item-75\"><a href=\"https:\/\/viss.hu\/index.php\/telepulesunk\/\">Telep\u00fcl\u00e9s\u00fcnk<\/a>\n<ul class=\"sub-menu\">\n\t<li id=\"menu-item-76\" class=\"menu-item menu-item-type-post_type menu-item-object-page menu-item-76\"><a href=\"https:\/\/viss.hu\/index.php\/vissrol\/\">Vissr\u0151l<\/a><\/li>\n\t<li id=\"menu-item-411\" class=\"menu-item menu-item-type-post_type menu-item-object-page menu-item-411\"><a href=\"https:\/\/viss.hu\/index.php\/egyhazak\/\">Egyh\u00e1zak<\/a><\/li>\n\t<li id=\"menu-item-830\" class=\"menu-item menu-item-type-post_type menu-item-object-page menu-item-830\"><a href=\"https:\/\/viss.hu\/index.php\/civil-szervezetek\/\">Civil szervezetek<\/a><\/li>\n\t<li id=\"menu-item-982\" class=\"menu-item menu-item-type-post_type menu-item-object-page menu-item-982\"><a href=\"https:\/\/viss.hu\/index.php\/hiressegeink\/\">H\u00edress\u00e9geink<\/a><\/li>\n\t<li id=\"menu-item-986\" class=\"menu-item menu-item-type-post_type menu-item-object-page menu-item-986\"><a href=\"https:\/\/viss.hu\/index.php\/latnivalok\/\">L\u00e1tnival\u00f3k<\/a><\/li>\n<\/ul>\n<\/li>\n<li id=\"menu-item-185\" class=\"menu-item menu-item-type-post_type menu-item-object-page menu-item-has-children menu-item-185\"><a href=\"https:\/\/viss.hu\/index.php\/intezmenyek\/\">Int\u00e9zm\u00e9nyek<\/a>\n<ul class=\"sub-menu\">\n\t<li id=\"menu-item-400\" class=\"menu-item menu-item-type-post_type menu-item-object-page menu-item-400\"><a href=\"https:\/\/viss.hu\/index.php\/orvosi-rendelo\/\">Orvosi Rendel\u0151<\/a><\/li>\n\t<li id=\"menu-item-401\" class=\"menu-item menu-item-type-post_type menu-item-object-page menu-item-401\"><a href=\"https:\/\/viss.hu\/index.php\/ovoda-es-konyha\/\">\u00d3voda \u00e9s Konyha<\/a><\/li>\n\t<li id=\"menu-item-399\" class=\"menu-item menu-item-type-post_type menu-item-object-page menu-item-399\"><a href=\"https:\/\/viss.hu\/index.php\/kozsegi-konyvtar\/\">K\u00f6zs\u00e9gi K\u00f6nyvt\u00e1r<\/a><\/li>\n<\/ul>\n<\/li>\n<li id=\"menu-item-186\" class=\"menu-item menu-item-type-post_type menu-item-object-page menu-item-has-children menu-item-186\"><a href=\"https:\/\/viss.hu\/index.php\/horgaszat\/\">Horg\u00e1szat<\/a>\n<ul class=\"sub-menu\">\n\t<li id=\"menu-item-524\" class=\"menu-item menu-item-type-post_type menu-item-object-page menu-item-524\"><a href=\"https:\/\/viss.hu\/index.php\/horgaszat-2\/\">V\u00edzter\u00fclet<\/a><\/li>\n<\/ul>\n<\/li>\n<li id=\"menu-item-187\" class=\"menu-item menu-item-type-post_type menu-item-object-page menu-item-187\"><a href=\"https:\/\/viss.hu\/index.php\/kepgaleria\/\">K\u00e9pgal\u00e9ria<\/a><\/li>\n<li id=\"menu-item-1181\" class=\"menu-item menu-item-type-post_type menu-item-object-page menu-item-has-children menu-item-1181\"><a href=\"https:\/\/viss.hu\/index.php\/valasztas\/\">V\u00e1laszt\u00e1s<\/a>\n<ul class=\"sub-menu\">\n\t<li id=\"menu-item-1190\" class=\"menu-item menu-item-type-post_type menu-item-object-page menu-item-1190\"><a href=\"https:\/\/viss.hu\/index.php\/orszaggyulesi-valasztas-2026\/\">Orsz\u00e1ggy\u0171l\u00e9si v\u00e1laszt\u00e1s 2026<\/a><\/li>\n<\/ul>\n<\/li>\n<\/ul>                <button class=\"eael-simple-menu-toggle\">\n                    <span class=\"sr-only \">Hamburger Toggle Menu<\/span>\n                    <svg aria-hidden=\"true\" class=\"e-font-icon-svg e-fas-bars\" viewBox=\"0 0 448 512\" xmlns=\"http:\/\/www.w3.org\/2000\/svg\"><path d=\"M16 132h416c8.837 0 16-7.163 16-16V76c0-8.837-7.163-16-16-16H16C7.163 60 0 67.163 0 76v40c0 8.837 7.163 16 16 16zm0 160h416c8.837 0 16-7.163 16-16v-40c0-8.837-7.163-16-16-16H16c-8.837 0-16 7.163-16 16v40c0 8.837 7.163 16 16 16zm0 160h416c8.837 0 16-7.163 16-16v-40c0-8.837-7.163-16-16-16H16c-8.837 0-16 7.163-16 16v40c0 8.837 7.163 16 16 16z\"><\/path><\/svg>                <\/button>\n            <\/div>\n            \t\t\t\t<\/div>\n\t\t\t\t<\/div>\n\t\t\t\t<\/div>\n\t\t\t\t<\/div>\n\t\t<div class=\"elementor-element elementor-element-18913eb e-flex e-con-boxed e-con e-parent\" data-id=\"18913eb\" data-element_type=\"container\" data-e-type=\"container\">\n\t\t\t\t\t<div class=\"e-con-inner\">\n\t\t\t\t\t<\/div>\n\t\t\t\t<\/div>\n\t\t<div class=\"elementor-element elementor-element-bbb31d6 e-flex e-con-boxed e-con e-parent\" data-id=\"bbb31d6\" data-element_type=\"container\" data-e-type=\"container\">\n\t\t\t\t\t<div class=\"e-con-inner\">\n\t\t\t\t<div class=\"elementor-element elementor-element-822df18 elementor-widget elementor-widget-image\" data-id=\"822df18\" data-element_type=\"widget\" data-e-type=\"widget\" data-widget_type=\"image.default\">\n\t\t\t\t\t\t\t\t\t\t\t\t\t\t\t<img decoding=\"async\" width=\"800\" height=\"763\" src=\"https:\/\/viss.hu\/wp-content\/uploads\/2026\/01\/Cimer-1-1133x1080.png\" class=\"attachment-large size-large wp-image-737\" alt=\"\" srcset=\"https:\/\/viss.hu\/wp-content\/uploads\/2026\/01\/Cimer-1-1133x1080.png 1133w, https:\/\/viss.hu\/wp-content\/uploads\/2026\/01\/Cimer-1-300x286.png 300w, https:\/\/viss.hu\/wp-content\/uploads\/2026\/01\/Cimer-1-768x732.png 768w, https:\/\/viss.hu\/wp-content\/uploads\/2026\/01\/Cimer-1.png 1371w\" sizes=\"(max-width: 800px) 100vw, 800px\" \/>\t\t\t\t\t\t\t\t\t\t\t\t\t\t\t<\/div>\n\t\t\t\t\t<\/div>\n\t\t\t\t<\/div>\n\t\t<div class=\"elementor-element elementor-element-cfee4ee e-flex e-con-boxed e-con e-parent\" data-id=\"cfee4ee\" data-element_type=\"container\" data-e-type=\"container\">\n\t\t\t\t\t<div class=\"e-con-inner\">\n\t\t\t\t<div class=\"elementor-element elementor-element-657dd9f elementor-widget elementor-widget-spacer\" data-id=\"657dd9f\" data-element_type=\"widget\" data-e-type=\"widget\" data-widget_type=\"spacer.default\">\n\t\t\t\t\t\t\t<div class=\"elementor-spacer\">\n\t\t\t<div class=\"elementor-spacer-inner\"><\/div>\n\t\t<\/div>\n\t\t\t\t\t\t<\/div>\n\t\t\t\t<div class=\"elementor-element elementor-element-8faa61f elementor-widget elementor-widget-heading\" data-id=\"8faa61f\" data-element_type=\"widget\" data-e-type=\"widget\" data-widget_type=\"heading.default\">\n\t\t\t\t\t<h2 class=\"elementor-heading-title elementor-size-default\">Roma Nemzetis\u00e9gi \u00d6nkorm\u00e1nyzat<\/h2>\t\t\t\t<\/div>\n\t\t\t\t\t<\/div>\n\t\t\t\t<\/div>\n\t\t<div class=\"elementor-element elementor-element-ef00f66 e-flex e-con-boxed e-con e-parent\" data-id=\"ef00f66\" data-element_type=\"container\" data-e-type=\"container\">\n\t\t\t\t\t<div class=\"e-con-inner\">\n\t\t<div class=\"elementor-element elementor-element-6417abd e-con-full e-flex e-con e-child\" data-id=\"6417abd\" data-element_type=\"container\" data-e-type=\"container\">\n\t\t\t\t<div class=\"elementor-element elementor-element-d67b3f5 elementor-widget elementor-widget-text-editor\" data-id=\"d67b3f5\" data-element_type=\"widget\" data-e-type=\"widget\" data-widget_type=\"text-editor.default\">\n\t\t\t\t\t\t\t\t\t<p><strong>Eln\u00f6k:<\/strong><\/p>\t\t\t\t\t\t\t\t<\/div>\n\t\t\t\t<\/div>\n\t\t<div class=\"elementor-element elementor-element-6ba60bc e-con-full e-flex e-con e-child\" data-id=\"6ba60bc\" data-element_type=\"container\" data-e-type=\"container\">\n\t\t\t\t<div class=\"elementor-element elementor-element-c7ffee6 elementor-widget elementor-widget-text-editor\" data-id=\"c7ffee6\" data-element_type=\"widget\" data-e-type=\"widget\" data-widget_type=\"text-editor.default\">\n\t\t\t\t\t\t\t\t\t<p>Balogh Ferenc<\/p>\t\t\t\t\t\t\t\t<\/div>\n\t\t\t\t<\/div>\n\t\t\t\t\t<\/div>\n\t\t\t\t<\/div>\n\t\t<div class=\"elementor-element elementor-element-3c38080 e-flex e-con-boxed e-con e-parent\" data-id=\"3c38080\" data-element_type=\"container\" data-e-type=\"container\">\n\t\t\t\t\t<div class=\"e-con-inner\">\n\t\t<div class=\"elementor-element elementor-element-5d04aea e-con-full e-flex e-con e-child\" data-id=\"5d04aea\" data-element_type=\"container\" data-e-type=\"container\">\n\t\t\t\t<div class=\"elementor-element elementor-element-74ed08c elementor-widget elementor-widget-text-editor\" data-id=\"74ed08c\" data-element_type=\"widget\" data-e-type=\"widget\" data-widget_type=\"text-editor.default\">\n\t\t\t\t\t\t\t\t\t<p><strong>Aleln\u00f6k:<\/strong><\/p>\t\t\t\t\t\t\t\t<\/div>\n\t\t\t\t<\/div>\n\t\t<div class=\"elementor-element elementor-element-345ef56 e-con-full e-flex e-con e-child\" data-id=\"345ef56\" data-element_type=\"container\" data-e-type=\"container\">\n\t\t\t\t<div class=\"elementor-element elementor-element-9efdb90 elementor-widget elementor-widget-text-editor\" data-id=\"9efdb90\" data-element_type=\"widget\" data-e-type=\"widget\" data-widget_type=\"text-editor.default\">\n\t\t\t\t\t\t\t\t\t<p>Balogh Ferencn\u00e9<\/p>\t\t\t\t\t\t\t\t<\/div>\n\t\t\t\t<\/div>\n\t\t\t\t\t<\/div>\n\t\t\t\t<\/div>\n\t\t<div class=\"elementor-element elementor-element-5d95cff e-flex e-con-boxed e-con e-parent\" data-id=\"5d95cff\" data-element_type=\"container\" data-e-type=\"container\">\n\t\t\t\t\t<div class=\"e-con-inner\">\n\t\t<div class=\"elementor-element elementor-element-6fb5a50 e-con-full e-flex e-con e-child\" data-id=\"6fb5a50\" data-element_type=\"container\" data-e-type=\"container\">\n\t\t\t\t<div class=\"elementor-element elementor-element-23de12d elementor-widget elementor-widget-text-editor\" data-id=\"23de12d\" data-element_type=\"widget\" data-e-type=\"widget\" data-widget_type=\"text-editor.default\">\n\t\t\t\t\t\t\t\t\t<p><strong>K\u00e9pvisel\u0151:<\/strong><\/p>\t\t\t\t\t\t\t\t<\/div>\n\t\t\t\t<\/div>\n\t\t<div class=\"elementor-element elementor-element-82e0b0e e-con-full e-flex e-con e-child\" data-id=\"82e0b0e\" data-element_type=\"container\" data-e-type=\"container\">\n\t\t\t\t<div class=\"elementor-element elementor-element-255451c elementor-widget elementor-widget-text-editor\" data-id=\"255451c\" data-element_type=\"widget\" data-e-type=\"widget\" data-widget_type=\"text-editor.default\">\n\t\t\t\t\t\t\t\t\t<p>Rost\u00e1s Kriszti\u00e1n<\/p>\t\t\t\t\t\t\t\t<\/div>\n\t\t\t\t<\/div>\n\t\t\t\t\t<\/div>\n\t\t\t\t<\/div>\n\t\t<div class=\"elementor-element elementor-element-46dee9e e-flex e-con-boxed e-con e-parent\" data-id=\"46dee9e\" data-element_type=\"container\" data-e-type=\"container\">\n\t\t\t\t\t<div class=\"e-con-inner\">\n\t\t\t\t\t<\/div>\n\t\t\t\t<\/div>\n\t\t\t\t<\/div>\n\t\t","protected":false},"excerpt":{"rendered":"<p>F\u0151oldal Telep\u00fcl\u00e9s\u00fcnk Vissr\u0151l Egyh\u00e1zak Civil szervezetek H\u00edress\u00e9geink L\u00e1tnival\u00f3k Int\u00e9zm\u00e9nyek Orvosi Rendel\u0151 \u00d3voda \u00e9s Konyha K\u00f6zs\u00e9gi K\u00f6nyvt\u00e1r Horg\u00e1szat V\u00edzter\u00fclet K\u00e9pgal\u00e9ria V\u00e1laszt\u00e1s Orsz\u00e1ggy\u0171l\u00e9si v\u00e1laszt\u00e1s 2026 Hamburger Toggle Menu Roma Nemzetis\u00e9gi \u00d6nkorm\u00e1nyzat Eln\u00f6k: Balogh Ferenc Aleln\u00f6k: Balogh Ferencn\u00e9 K\u00e9pvisel\u0151: Rost\u00e1s Kriszti\u00e1n<\/p>\n","protected":false},"author":1,"featured_media":0,"parent":0,"menu_order":0,"comment_status":"closed","ping_status":"closed","template":"elementor_canvas","meta":{"footnotes":""},"class_list":["post-421","page","type-page","status-publish","hentry"],"_links":{"self":[{"href":"https:\/\/viss.hu\/index.php\/wp-json\/wp\/v2\/pages\/421","targetHints":{"allow":["GET"]}}],"collection":[{"href":"https:\/\/viss.hu\/index.php\/wp-json\/wp\/v2\/pages"}],"about":[{"href":"https:\/\/viss.hu\/index.php\/wp-json\/wp\/v2\/types\/page"}],"author":[{"embeddable":true,"href":"https:\/\/viss.hu\/index.php\/wp-json\/wp\/v2\/users\/1"}],"replies":[{"embeddable":true,"href":"https:\/\/viss.hu\/index.php\/wp-json\/wp\/v2\/comments?post=421"}],"version-history":[{"count":18,"href":"https:\/\/viss.hu\/index.php\/wp-json\/wp\/v2\/pages\/421\/revisions"}],"predecessor-version":[{"id":1340,"href":"https:\/\/viss.hu\/index.php\/wp-json\/wp\/v2\/pages\/421\/revisions\/1340"}],"wp:attachment":[{"href":"https:\/\/viss.hu\/index.php\/wp-json\/wp\/v2\/media?parent=421"}],"curies":[{"name":"wp","href":"https:\/\/api.w.org\/{rel}","templated":true}]}}